{"id":35851,"date":"2025-03-26T09:07:30","date_gmt":"2025-03-26T08:07:30","guid":{"rendered":"https:\/\/reactis.ch\/newreactis\/nos-produits\/komposter-aus-holz\/"},"modified":"2026-05-13T14:35:54","modified_gmt":"2026-05-13T12:35:54","slug":"komposter-aus-holz","status":"publish","type":"product","link":"https:\/\/reactis.ch\/de\/unsere-produkte\/komposter-aus-holz\/","title":{"rendered":"Komposter aus Holz"},"content":{"rendered":"<h3>Wie funktioniert Kompost?<\/h3>\n<p>REACTIS SA ist Ihr Verb\u00fcndeter bei der M\u00fclltrennung, aber auch und vor allem bei der Reduzierung und Wiederverwendung von Abf\u00e4llen.  <strong>Organischer Abfall, auch Bioabfall oder pflanzlicher Abfall genannt,<\/strong> ist der <strong>Abfall<\/strong>, den Sie wahrscheinlich am meisten produzieren und der am interessantesten ist, um wiederverwendet zu werden. Es handelt sich um Lebensmittelreste (Hausm\u00fcll, Obst- und Gem\u00fcseschalen, Kaffeesatz, K\u00fcchenabf\u00e4lle) und Gartenabf\u00e4lle (Gr\u00fcnabf\u00e4lle, Unkraut, Bl\u00e4tter, Zweige, Pflanzen). <\/p>\n<p>Dieser Abfall kann sehr einfach kompostiert werden. <strong>Sobald<\/strong> sie <strong>durch die Wirkung von Mikroorganismen<\/strong> (mikroskopisch kleine Pilze) <strong>zersetzt<\/strong> sind, verwandeln sie sich bei Kontakt mit der Luft in eine reichhaltige und fruchtbare Erde, die voller N\u00e4hrstoffe ist.<\/p>\n<p>Kompost, der in landwirtschaftlichen B\u00f6den oder in Ihrem Garten wieder eingearbeitet wird, ist ein Humus, der nur Vorteile f\u00fcr die Sauerstoffversorgung des Bodens hat. Dieser nat\u00fcrliche D\u00fcnger f\u00f6rdert das Pflanzenwachstum und erh\u00f6ht die Wasserspeicherkapazit\u00e4t des Bodens. <\/p>\n<p><strong>Wir glauben fest an individuelles Handeln in einem kollektiven Bestreben.<\/strong>  Aus diesem Grund ermutigen wir Sie, diese h\u00f6lzernen Gartenkomposter zu Hause oder in Ihrer Eigent\u00fcmergemeinschaft zu verwenden.<\/p>\n<h3 style=\"text-align: left;\">Wie viel Platz sollte Ihr Holzkomposter haben?<\/h3>\n<p style=\"text-align: center;\">Unsere Komposter sind in verschiedenen Modellen und Gr\u00f6\u00dfen erh\u00e4ltlich, um Ihren Bed\u00fcrfnissen gerecht zu werden:<\/p>\n<div style=\"display: flex; justify-content: center; margin: 30px 0;\">\n<table style=\"border-collapse: collapse; width: 850px;\">\n<tbody>\n<tr style=\"background-color: #0a109f; color: white;\">\n<td style=\"border: 1px solid #000;\"><\/td>\n<td style=\"text-align: center; border: 1px solid #000;\"><strong>400 Liter<\/strong><\/td>\n<td style=\"text-align: center; border: 1px solid #000;\"><strong>600 Liter<\/strong><\/td>\n<td style=\"text-align: center; border: 1px solid #000;\"><strong>800 Liter<\/strong><\/td>\n<td style=\"text-align: center; border: 1px solid #000;\"><strong>1000 Liter<\/strong><\/td>\n<\/tr>\n<tr>\n<td style=\"border: 1px solid #000;\"><strong>Breite (cm)<\/strong><\/td>\n<td style=\"text-align: center; border: 1px solid #000;\">79<\/td>\n<td style=\"text-align: center; border: 1px solid #000;\">89<\/td>\n<td style=\"text-align: center; border: 1px solid #000;\">104<\/td>\n<td style=\"text-align: center; border: 1px solid #000;\">116<\/td>\n<\/tr>\n<tr>\n<td style=\"border: 1px solid #000;\"><strong>Tiefe (cm)<\/strong><\/td>\n<td style=\"text-align: center; border: 1px solid #000;\">76<\/td>\n<td style=\"text-align: center; border: 1px solid #000;\">86<\/td>\n<td style=\"text-align: center; border: 1px solid #000;\">96<\/td>\n<td style=\"text-align: center; border: 1px solid #000;\">106<\/td>\n<\/tr>\n<tr>\n<td style=\"border: 1px solid #000;\"><strong>H\u00f6he (cm)<\/strong><\/td>\n<td style=\"text-align: center; border: 1px solid #000;\">89<\/td>\n<td style=\"text-align: center; border: 1px solid #000;\">99<\/td>\n<td style=\"text-align: center; border: 1px solid #000;\">99<\/td>\n<td style=\"text-align: center; border: 1px solid #000;\">99<\/td>\n<\/tr>\n<\/tbody>\n<\/table>\n<\/div>\n","protected":false},"excerpt":{"rendered":"<ul>\n<li>Sofortige Installation<\/li>\n<li>Robustes Holz, PEFC-zertifiziert, Herkunft Frankreich und Schweiz<\/li>\n<li>Verschiedene Kapazit\u00e4ten von 400 bis 1000 L (kontaktieren Sie uns)<\/li>\n<li>Obere Halbt\u00fcr und abnehmbare Vorderseite f\u00fcr einfachen Zugang<\/li>\n<li>Optionaler Nagetierschutz f\u00fcr zus\u00e4tzlichen Schutz<\/li>\n<li>5 Jahre Garantie<\/li>\n<li>Wird als Bausatz mit einfacher Montage geliefert<\/li>\n<li>Design unter Einhaltung von Umweltstandards<\/li>\n<\/ul>\n","protected":false},"featured_media":37293,"template":"","meta":{"_acf_changed":false},"product_brand":[],"product_cat":[97],"product_tag":[],"class_list":{"0":"post-35851","1":"product","2":"type-product","3":"status-publish","4":"has-post-thumbnail","6":"product_cat-komposter","7":"product_shipping_class-komposter","9":"first","10":"instock","11":"taxable","12":"shipping-taxable","13":"purchasable","14":"product-type-variable","15":"has-default-attributes"},"acf":[],"yoast_head":"<!-- This site is optimized with the Yoast SEO plugin v27.5 - https:\/\/yoast.com\/product\/yoast-seo-wordpress\/ -->\n<title>Stellen Sie Ihren Garten mit Holzkompostern mit 5 Jahren Garantie aus.<\/title>\n<meta name=\"description\" content=\"Verwandeln Sie Ihren Abfall in eine Ressource mit unserem Komposter aus lokalem Holz. Er ist robust und nat\u00fcrlich und n\u00e4hrt Ihren Garten f\u00fcr eine fruchtbarere Erde!\" \/>\n<meta name=\"robots\" content=\"index, follow, max-snippet:-1, max-image-preview:large, max-video-preview:-1\" \/>\n<link rel=\"canonical\" href=\"https:\/\/reactis.ch\/de\/unsere-produkte\/komposter-aus-holz\/\" \/>\n<meta property=\"og:locale\" content=\"de_DE\" \/>\n<meta property=\"og:type\" content=\"article\" \/>\n<meta property=\"og:title\" content=\"Stellen Sie Ihren Garten mit Holzkompostern mit 5 Jahren Garantie aus.\" \/>\n<meta property=\"og:description\" content=\"Verwandeln Sie Ihren Abfall in eine Ressource mit unserem Komposter aus lokalem Holz. Er ist robust und nat\u00fcrlich und n\u00e4hrt Ihren Garten f\u00fcr eine fruchtbarere Erde!\" \/>\n<meta property=\"og:url\" content=\"https:\/\/reactis.ch\/de\/unsere-produkte\/komposter-aus-holz\/\" \/>\n<meta property=\"og:site_name\" content=\"Reactis\" \/>\n<meta property=\"article:modified_time\" content=\"2026-05-13T12:35:54+00:00\" \/>\n<meta property=\"og:image\" content=\"https:\/\/reactis.ch\/wp-content\/uploads\/2025\/03\/composteur_bois_suisse.jpg\" \/>\n\t<meta property=\"og:image:width\" content=\"800\" \/>\n\t<meta property=\"og:image:height\" content=\"800\" \/>\n\t<meta property=\"og:image:type\" content=\"image\/jpeg\" \/>\n<meta name=\"twitter:card\" content=\"summary_large_image\" \/>\n<meta name=\"twitter:label1\" content=\"Gesch\u00e4tzte Lesezeit\" \/>\n\t<meta name=\"twitter:data1\" content=\"2\u00a0Minuten\" \/>\n<script type=\"application\/ld+json\" class=\"yoast-schema-graph\">{\"@context\":\"https:\\\/\\\/schema.org\",\"@graph\":[{\"@type\":\"WebPage\",\"@id\":\"https:\\\/\\\/reactis.ch\\\/de\\\/unsere-produkte\\\/komposter-aus-holz\\\/\",\"url\":\"https:\\\/\\\/reactis.ch\\\/de\\\/unsere-produkte\\\/komposter-aus-holz\\\/\",\"name\":\"Stellen Sie Ihren Garten mit Holzkompostern mit 5 Jahren Garantie aus.\",\"isPartOf\":{\"@id\":\"https:\\\/\\\/reactis.ch\\\/de\\\/#website\"},\"primaryImageOfPage\":{\"@id\":\"https:\\\/\\\/reactis.ch\\\/de\\\/unsere-produkte\\\/komposter-aus-holz\\\/#primaryimage\"},\"image\":{\"@id\":\"https:\\\/\\\/reactis.ch\\\/de\\\/unsere-produkte\\\/komposter-aus-holz\\\/#primaryimage\"},\"thumbnailUrl\":\"https:\\\/\\\/reactis.ch\\\/wp-content\\\/uploads\\\/2025\\\/03\\\/composteur_bois_suisse.jpg\",\"datePublished\":\"2025-03-26T08:07:30+00:00\",\"dateModified\":\"2026-05-13T12:35:54+00:00\",\"description\":\"Verwandeln Sie Ihren Abfall in eine Ressource mit unserem Komposter aus lokalem Holz. Er ist robust und nat\u00fcrlich und n\u00e4hrt Ihren Garten f\u00fcr eine fruchtbarere Erde!\",\"breadcrumb\":{\"@id\":\"https:\\\/\\\/reactis.ch\\\/de\\\/unsere-produkte\\\/komposter-aus-holz\\\/#breadcrumb\"},\"inLanguage\":\"de\",\"potentialAction\":[{\"@type\":\"ReadAction\",\"target\":[\"https:\\\/\\\/reactis.ch\\\/de\\\/unsere-produkte\\\/komposter-aus-holz\\\/\"]}]},{\"@type\":\"ImageObject\",\"inLanguage\":\"de\",\"@id\":\"https:\\\/\\\/reactis.ch\\\/de\\\/unsere-produkte\\\/komposter-aus-holz\\\/#primaryimage\",\"url\":\"https:\\\/\\\/reactis.ch\\\/wp-content\\\/uploads\\\/2025\\\/03\\\/composteur_bois_suisse.jpg\",\"contentUrl\":\"https:\\\/\\\/reactis.ch\\\/wp-content\\\/uploads\\\/2025\\\/03\\\/composteur_bois_suisse.jpg\",\"width\":800,\"height\":800},{\"@type\":\"BreadcrumbList\",\"@id\":\"https:\\\/\\\/reactis.ch\\\/de\\\/unsere-produkte\\\/komposter-aus-holz\\\/#breadcrumb\",\"itemListElement\":[{\"@type\":\"ListItem\",\"position\":1,\"name\":\"Accueil\",\"item\":\"https:\\\/\\\/reactis.ch\\\/de\\\/\"},{\"@type\":\"ListItem\",\"position\":2,\"name\":\"Shop\",\"item\":\"https:\\\/\\\/reactis.ch\\\/de\\\/shop\\\/\"},{\"@type\":\"ListItem\",\"position\":3,\"name\":\"Komposter aus Holz\"}]},{\"@type\":\"WebSite\",\"@id\":\"https:\\\/\\\/reactis.ch\\\/de\\\/#website\",\"url\":\"https:\\\/\\\/reactis.ch\\\/de\\\/\",\"name\":\"Reactis\",\"description\":\"L&#039;\u00e9l\u00e9gance du recyclage\",\"publisher\":{\"@id\":\"https:\\\/\\\/reactis.ch\\\/de\\\/#organization\"},\"potentialAction\":[{\"@type\":\"SearchAction\",\"target\":{\"@type\":\"EntryPoint\",\"urlTemplate\":\"https:\\\/\\\/reactis.ch\\\/de\\\/?s={search_term_string}\"},\"query-input\":{\"@type\":\"PropertyValueSpecification\",\"valueRequired\":true,\"valueName\":\"search_term_string\"}}],\"inLanguage\":\"de\"},{\"@type\":\"Organization\",\"@id\":\"https:\\\/\\\/reactis.ch\\\/de\\\/#organization\",\"name\":\"Reactis\",\"url\":\"https:\\\/\\\/reactis.ch\\\/de\\\/\",\"logo\":{\"@type\":\"ImageObject\",\"inLanguage\":\"de\",\"@id\":\"https:\\\/\\\/reactis.ch\\\/de\\\/#\\\/schema\\\/logo\\\/image\\\/\",\"url\":\"https:\\\/\\\/reactis.ch\\\/wp-content\\\/uploads\\\/2025\\\/03\\\/logo-reactis-tagline.svg\",\"contentUrl\":\"https:\\\/\\\/reactis.ch\\\/wp-content\\\/uploads\\\/2025\\\/03\\\/logo-reactis-tagline.svg\",\"width\":620,\"height\":208,\"caption\":\"Reactis\"},\"image\":{\"@id\":\"https:\\\/\\\/reactis.ch\\\/de\\\/#\\\/schema\\\/logo\\\/image\\\/\"},\"sameAs\":[\"https:\\\/\\\/www.linkedin.com\\\/in\\\/alexandrelethiec\"]}]}<\/script>\n<!-- \/ Yoast SEO plugin. -->","yoast_head_json":{"title":"Stellen Sie Ihren Garten mit Holzkompostern mit 5 Jahren Garantie aus.","description":"Verwandeln Sie Ihren Abfall in eine Ressource mit unserem Komposter aus lokalem Holz. Er ist robust und nat\u00fcrlich und n\u00e4hrt Ihren Garten f\u00fcr eine fruchtbarere Erde!","robots":{"index":"index","follow":"follow","max-snippet":"max-snippet:-1","max-image-preview":"max-image-preview:large","max-video-preview":"max-video-preview:-1"},"canonical":"https:\/\/reactis.ch\/de\/unsere-produkte\/komposter-aus-holz\/","og_locale":"de_DE","og_type":"article","og_title":"Stellen Sie Ihren Garten mit Holzkompostern mit 5 Jahren Garantie aus.","og_description":"Verwandeln Sie Ihren Abfall in eine Ressource mit unserem Komposter aus lokalem Holz. Er ist robust und nat\u00fcrlich und n\u00e4hrt Ihren Garten f\u00fcr eine fruchtbarere Erde!","og_url":"https:\/\/reactis.ch\/de\/unsere-produkte\/komposter-aus-holz\/","og_site_name":"Reactis","article_modified_time":"2026-05-13T12:35:54+00:00","og_image":[{"width":800,"height":800,"url":"https:\/\/reactis.ch\/wp-content\/uploads\/2025\/03\/composteur_bois_suisse.jpg","type":"image\/jpeg"}],"twitter_card":"summary_large_image","twitter_misc":{"Gesch\u00e4tzte Lesezeit":"2\u00a0Minuten"},"schema":{"@context":"https:\/\/schema.org","@graph":[{"@type":"WebPage","@id":"https:\/\/reactis.ch\/de\/unsere-produkte\/komposter-aus-holz\/","url":"https:\/\/reactis.ch\/de\/unsere-produkte\/komposter-aus-holz\/","name":"Stellen Sie Ihren Garten mit Holzkompostern mit 5 Jahren Garantie aus.","isPartOf":{"@id":"https:\/\/reactis.ch\/de\/#website"},"primaryImageOfPage":{"@id":"https:\/\/reactis.ch\/de\/unsere-produkte\/komposter-aus-holz\/#primaryimage"},"image":{"@id":"https:\/\/reactis.ch\/de\/unsere-produkte\/komposter-aus-holz\/#primaryimage"},"thumbnailUrl":"https:\/\/reactis.ch\/wp-content\/uploads\/2025\/03\/composteur_bois_suisse.jpg","datePublished":"2025-03-26T08:07:30+00:00","dateModified":"2026-05-13T12:35:54+00:00","description":"Verwandeln Sie Ihren Abfall in eine Ressource mit unserem Komposter aus lokalem Holz. Er ist robust und nat\u00fcrlich und n\u00e4hrt Ihren Garten f\u00fcr eine fruchtbarere Erde!","breadcrumb":{"@id":"https:\/\/reactis.ch\/de\/unsere-produkte\/komposter-aus-holz\/#breadcrumb"},"inLanguage":"de","potentialAction":[{"@type":"ReadAction","target":["https:\/\/reactis.ch\/de\/unsere-produkte\/komposter-aus-holz\/"]}]},{"@type":"ImageObject","inLanguage":"de","@id":"https:\/\/reactis.ch\/de\/unsere-produkte\/komposter-aus-holz\/#primaryimage","url":"https:\/\/reactis.ch\/wp-content\/uploads\/2025\/03\/composteur_bois_suisse.jpg","contentUrl":"https:\/\/reactis.ch\/wp-content\/uploads\/2025\/03\/composteur_bois_suisse.jpg","width":800,"height":800},{"@type":"BreadcrumbList","@id":"https:\/\/reactis.ch\/de\/unsere-produkte\/komposter-aus-holz\/#breadcrumb","itemListElement":[{"@type":"ListItem","position":1,"name":"Accueil","item":"https:\/\/reactis.ch\/de\/"},{"@type":"ListItem","position":2,"name":"Shop","item":"https:\/\/reactis.ch\/de\/shop\/"},{"@type":"ListItem","position":3,"name":"Komposter aus Holz"}]},{"@type":"WebSite","@id":"https:\/\/reactis.ch\/de\/#website","url":"https:\/\/reactis.ch\/de\/","name":"Reactis","description":"L&#039;\u00e9l\u00e9gance du recyclage","publisher":{"@id":"https:\/\/reactis.ch\/de\/#organization"},"potentialAction":[{"@type":"SearchAction","target":{"@type":"EntryPoint","urlTemplate":"https:\/\/reactis.ch\/de\/?s={search_term_string}"},"query-input":{"@type":"PropertyValueSpecification","valueRequired":true,"valueName":"search_term_string"}}],"inLanguage":"de"},{"@type":"Organization","@id":"https:\/\/reactis.ch\/de\/#organization","name":"Reactis","url":"https:\/\/reactis.ch\/de\/","logo":{"@type":"ImageObject","inLanguage":"de","@id":"https:\/\/reactis.ch\/de\/#\/schema\/logo\/image\/","url":"https:\/\/reactis.ch\/wp-content\/uploads\/2025\/03\/logo-reactis-tagline.svg","contentUrl":"https:\/\/reactis.ch\/wp-content\/uploads\/2025\/03\/logo-reactis-tagline.svg","width":620,"height":208,"caption":"Reactis"},"image":{"@id":"https:\/\/reactis.ch\/de\/#\/schema\/logo\/image\/"},"sameAs":["https:\/\/www.linkedin.com\/in\/alexandrelethiec"]}]}},"_links":{"self":[{"href":"https:\/\/reactis.ch\/de\/wp-json\/wp\/v2\/product\/35851","targetHints":{"allow":["GET"]}}],"collection":[{"href":"https:\/\/reactis.ch\/de\/wp-json\/wp\/v2\/product"}],"about":[{"href":"https:\/\/reactis.ch\/de\/wp-json\/wp\/v2\/types\/product"}],"wp:featuredmedia":[{"embeddable":true,"href":"https:\/\/reactis.ch\/de\/wp-json\/wp\/v2\/media\/37293"}],"wp:attachment":[{"href":"https:\/\/reactis.ch\/de\/wp-json\/wp\/v2\/media?parent=35851"}],"wp:term":[{"taxonomy":"product_brand","embeddable":true,"href":"https:\/\/reactis.ch\/de\/wp-json\/wp\/v2\/product_brand?post=35851"},{"taxonomy":"product_cat","embeddable":true,"href":"https:\/\/reactis.ch\/de\/wp-json\/wp\/v2\/product_cat?post=35851"},{"taxonomy":"product_tag","embeddable":true,"href":"https:\/\/reactis.ch\/de\/wp-json\/wp\/v2\/product_tag?post=35851"}],"curies":[{"name":"wp","href":"https:\/\/api.w.org\/{rel}","templated":true}]}}