{"id":35803,"date":"2025-03-26T11:35:14","date_gmt":"2025-03-26T10:35:14","guid":{"rendered":"https:\/\/reactis.ch\/newreactis\/allgemeine-geschaeftsbedingungen-agb\/"},"modified":"2025-06-02T10:20:32","modified_gmt":"2025-06-02T08:20:32","slug":"allgemeine-geschaeftsbedingungen-agb","status":"publish","type":"page","link":"https:\/\/reactis.ch\/de\/allgemeine-geschaeftsbedingungen-agb\/","title":{"rendered":"Allgemeine Gesch\u00e4ftsbedingungen (AGB)"},"content":{"rendered":"<div class=\"fusion-fullwidth fullwidth-box fusion-builder-row-1 fusion-flex-container has-pattern-background has-mask-background nonhundred-percent-fullwidth non-hundred-percent-height-scrolling\" style=\"--awb-border-radius-top-left:0px;--awb-border-radius-top-right:0px;--awb-border-radius-bottom-right:0px;--awb-border-radius-bottom-left:0px;--awb-flex-wrap:wrap;\" ><div class=\"fusion-builder-row fusion-row fusion-flex-align-items-flex-start fusion-flex-content-wrap\" style=\"max-width:1497.6px;margin-left: calc(-4% \/ 2 );margin-right: calc(-4% \/ 2 );\"><div class=\"fusion-layout-column fusion_builder_column fusion-builder-column-0 fusion_builder_column_1_1 1_1 fusion-flex-column\" style=\"--awb-bg-size:cover;--awb-width-large:100%;--awb-margin-top-large:0px;--awb-spacing-right-large:1.92%;--awb-margin-bottom-large:20px;--awb-spacing-left-large:1.92%;--awb-width-medium:100%;--awb-order-medium:0;--awb-spacing-right-medium:1.92%;--awb-spacing-left-medium:1.92%;--awb-width-small:100%;--awb-order-small:0;--awb-spacing-right-small:1.92%;--awb-spacing-left-small:1.92%;\"><div class=\"fusion-column-wrapper fusion-column-has-shadow fusion-flex-justify-content-flex-start fusion-content-layout-column\"><div class=\"fusion-title title fusion-title-1 fusion-sep-none fusion-title-center fusion-title-text fusion-title-size-one\" style=\"--awb-text-color:var(--awb-color5);--awb-margin-top-small:10px;--awb-margin-right-small:0px;--awb-margin-bottom-small:10px;--awb-margin-left-small:0px;\"><h1 class=\"fusion-title-heading title-heading-center fusion-responsive-typography-calculated\" style=\"margin:0;--fontSize:50;line-height:1.2;\">Allgemeine Gesch\u00e4ftsbedingungen (AGB)<\/h1><\/div><div class=\"fusion-text fusion-text-1\"><h2 data-start=\"134\" data-end=\"165\"><strong data-start=\"137\" data-end=\"163\">1. Anwendungsbereich<\/strong><\/h2>\n<p data-start=\"166\" data-end=\"334\">Die vorliegenden Allgemeinen Gesch\u00e4ftsbedingungen (AGB) gelten f\u00fcr alle Verk\u00e4ufe, die \u00fcber die Website von <strong data-start=\"282\" data-end=\"296\">Reactis SA<\/strong>, mit Sitz in :<\/p>\n<p data-start=\"336\" data-end=\"447\"><strong data-start=\"336\" data-end=\"350\">Reactis SA<\/strong><br data-start=\"350\" data-end=\"353\">Route Suisse 8A, 1163 Etoy, Schweiz<br data-start=\"387\" data-end=\"390\">Telefon: +41 76 787 31 87<br data-start=\"418\" data-end=\"421\">E-mail: <a rel=\"noopener\" data-start=\"430\" data-end=\"445\">info@reactis.ch<\/a><\/p>\n<p data-start=\"449\" data-end=\"533\">Mit der Aufgabe einer Bestellung auf der Website akzeptiert der Kunde vorbehaltlos die vorliegenden AGB.<\/p>\n<h2 data-start=\"535\" data-end=\"563\"><strong data-start=\"538\" data-end=\"561\">2. Produkte und Preise<\/strong><\/h2>\n<p data-start=\"564\" data-end=\"677\">Die zum Verkauf angebotenen Produkte und Dienstleistungen werden mit gr\u00f6\u00dftm\u00f6glicher Genauigkeit beschrieben und dargestellt.<\/p>\n<p data-start=\"679\" data-end=\"971\">Die Preise sind in <strong data-start=\"705\" data-end=\"729\">Schweizer Franken (CHF)<\/strong> angegeben, <strong data-start=\"731\" data-end=\"763\">inklusive aller Steuern und Abgaben (TTC<\/strong>), ohne Lieferkosten. <strong data-start=\"790\" data-end=\"804\">Reactis SA<\/strong> beh\u00e4lt sich das Recht vor, die Preise jederzeit zu \u00e4ndern, die Produkte werden jedoch auf der Grundlage der zum Zeitpunkt der Best\u00e4tigung der Bestellung g\u00fcltigen Preisliste berechnet.<\/p>\n<h2 data-start=\"973\" data-end=\"994\"><strong data-start=\"976\" data-end=\"992\">3. Befehle<\/strong><\/h2>\n<p data-start=\"995\" data-end=\"1150\">Jede Bestellung auf der Website ist verbindlich und endg\u00fcltig, sobald die Zahlung best\u00e4tigt wurde. Nach der Best\u00e4tigung wird dem Kunden eine Best\u00e4tigungs-E-Mail zugesandt. <\/p>\n<p data-start=\"1152\" data-end=\"1225\"><strong data-start=\"1152\" data-end=\"1166\">Reactis SA<\/strong> beh\u00e4lt sich das Recht vor, jede Bestellung zu stornieren, wenn :<\/p>\n<ul data-start=\"1226\" data-end=\"1323\">\n<li data-start=\"1226\" data-end=\"1251\">Streitigkeiten mit dem Kunden<\/li>\n<li data-start=\"1252\" data-end=\"1282\">Nichtverf\u00fcgbarkeit des Produkts<\/li>\n<li data-start=\"1283\" data-end=\"1323\">Offensichtlicher Irrtum \u00fcber den angegebenen Preis<\/li>\n<\/ul>\n<h2 data-start=\"1325\" data-end=\"1345\"><strong data-start=\"1328\" data-end=\"1343\">4. Zahlung<\/strong><\/h2>\n<p data-start=\"1346\" data-end=\"1447\">Die Zahlung erfolgt per <strong data-start=\"1373\" data-end=\"1444\">Kreditkarte oder Bank\u00fcberweisung<\/strong>.<\/p>\n<p data-start=\"1449\" data-end=\"1624\">Der Gesamtbetrag der Bestellung muss vor dem Versand bezahlt werden. Die Transaktionen sind sicher und die Bankdaten werden von <strong data-start=\"1607\" data-end=\"1621\">Reactis SA<\/strong> nicht gespeichert. <\/p>\n<h2 data-start=\"1626\" data-end=\"1647\"><strong data-start=\"1629\" data-end=\"1645\">5. Lieferung<\/strong><\/h2>\n<p data-start=\"1648\" data-end=\"1771\">Die Lieferungen erfolgen nur in die Schweiz.<\/p>\n<p data-start=\"1773\" data-end=\"2021\">Die Lieferzeiten sind unverbindlich und k\u00f6nnen je nach den logistischen und meteorologischen Bedingungen variieren. <strong data-start=\"1904\" data-end=\"1918\">Reactis SA<\/strong> kann nicht f\u00fcr Verz\u00f6gerungen haftbar gemacht werden, die auf Umst\u00e4nde zur\u00fcckzuf\u00fchren sind, die au\u00dferhalb seiner Kontrolle liegen.<\/p>\n<p data-start=\"2023\" data-end=\"2094\">Die Lieferkosten werden vor der Best\u00e4tigung der Bestellung angegeben.<\/p>\n<h2 data-start=\"2096\" data-end=\"2140\"><strong data-start=\"2099\" data-end=\"2138\">6. Widerrufsrecht und R\u00fcckgabe<\/strong><\/h2>\n<p data-start=\"2141\" data-end=\"2455\">Gem\u00e4\u00df der schweizerischen Gesetzgebung <strong data-start=\"2179\" data-end=\"2229\">ist das Widerrufsrecht nicht obligatorisch<\/strong>. <strong data-start=\"2242\" data-end=\"2256\">Reactis SA<\/strong> akzeptiert jedoch R\u00fccksendungen innerhalb von <strong data-start=\"2282\" data-end=\"2319\">14 Tagen<\/strong> nach Erhalt der Ware, vorausgesetzt, dass diese in ihrer <strong data-start=\"2397\" data-end=\"2452\">Originalverpackung, unbenutzt und in einwandfreiem Zustand<\/strong> zur\u00fcckgesandt wird. <\/p>\n<p data-start=\"2457\" data-end=\"2546\">Die Kosten der R\u00fccksendung sind <strong data-start=\"2482\" data-end=\"2507\">vom Kunden<\/strong> zu tragen, es sei denn, es liegt ein Fehler unsererseits vor.<\/p>\n<h2 data-start=\"2548\" data-end=\"2586\"><strong data-start=\"2551\" data-end=\"2584\">7. Garantie und Haftung<\/strong><\/h2>\n<p data-start=\"2587\" data-end=\"2674\">Unsere Produkte unterliegen der <strong data-start=\"2618\" data-end=\"2671\">gesetzlichen Garantie gegen Herstellungsfehler<\/strong>.<\/p>\n<p data-start=\"2676\" data-end=\"2846\">Im Falle eines fehlerhaften Produkts muss der Kunde unseren Kundendienst unter folgender Adresse kontaktieren <strong data-start=\"2754\" data-end=\"2773\"><a rel=\"noopener\" data-start=\"2756\" data-end=\"2771\">info@reactis.ch<\/a><\/strong> innerhalb von <strong data-start=\"2791\" data-end=\"2827\">7 Tagen <\/strong>nach Erhalt der Ware kontaktieren.<\/p>\n<p data-start=\"2848\" data-end=\"2908\"><strong data-start=\"2848\" data-end=\"2862\">Reactis SA<\/strong> kann nicht haftbar gemacht werden f\u00fcr :<\/p>\n<ul data-start=\"2909\" data-end=\"3017\">\n<li data-start=\"2909\" data-end=\"2944\">Falsche Verwendung des Produkts<\/li>\n<li data-start=\"2945\" data-end=\"2999\">Indirekte Sch\u00e4den im Zusammenhang mit der Nutzung des Produkts<\/li>\n<li data-start=\"3000\" data-end=\"3017\">H\u00f6here Gewalt<\/li>\n<\/ul>\n<h2 data-start=\"3019\" data-end=\"3053\"><strong data-start=\"3022\" data-end=\"3051\">8. Datenschutz<\/strong><\/h2>\n<p data-start=\"3054\" data-end=\"3214\">Die gesammelten pers\u00f6nlichen Daten werden ausschlie\u00dflich zur Bearbeitung von Bestellungen verwendet und <strong data-start=\"3155\" data-end=\"3211\">nicht ohne Zustimmung an Dritte weitergegeben<\/strong>.<\/p>\n<p data-start=\"3216\" data-end=\"3312\">Die Website entspricht dem in der Schweiz geltenden <strong data-start=\"3236\" data-end=\"3288\">Datenschutzgesetz (DSG)<\/strong>.<\/p>\n<h2 data-start=\"3314\" data-end=\"3353\"><strong data-start=\"3317\" data-end=\"3351\">9. Anwendbares Recht und Streitigkeiten<\/strong><\/h2>\n<p data-start=\"3354\" data-end=\"3410\">Diese AGB <strong data-start=\"3377\" data-end=\"3407\">unterliegen dem Schweizer Recht<\/strong>.<\/p>\n<p data-start=\"3412\" data-end=\"3492\">Im Falle eines Rechtsstreits sind ausschlie\u00dflich <strong data-start=\"3430\" data-end=\"3465\">die Gerichte des Kantons Waadt<\/strong> zust\u00e4ndig.<\/p>\n<h2 data-start=\"3494\" data-end=\"3514\"><strong data-start=\"3497\" data-end=\"3512\">10. Kontakt<\/strong><\/h2>\n<p data-start=\"3515\" data-end=\"3586\">Bei Fragen oder Beschwerden kann der Kunde uns unter folgender Adresse kontaktieren:<\/p>\n<p data-start=\"3588\" data-end=\"3659\">\ud83d\udce7 <strong data-start=\"3591\" data-end=\"3601\">E-Mail<\/strong>: <a rel=\"noopener\" data-start=\"3604\" data-end=\"3619\">info@reactis.ch<\/a><br data-start=\"3619\" data-end=\"3622\">\ud83d\udcde <strong data-start=\"3625\" data-end=\"3638\">Telefon<\/strong>: +41 76 787 31 87<\/p>\n<\/div><\/div><\/div><\/div><\/div>\n","protected":false},"excerpt":{"rendered":"","protected":false},"author":1,"featured_media":0,"parent":0,"menu_order":0,"comment_status":"closed","ping_status":"closed","template":"100-width.php","meta":{"_acf_changed":false,"footnotes":""},"class_list":["post-35803","page","type-page","status-publish","hentry"],"acf":[],"yoast_head":"<!-- This site is optimized with the Yoast SEO plugin v27.5 - https:\/\/yoast.com\/product\/yoast-seo-wordpress\/ -->\n<title>Allgemeine Gesch\u00e4ftsbedingungen (AGB) - Reactis<\/title>\n<meta name=\"robots\" content=\"index, follow, max-snippet:-1, max-image-preview:large, max-video-preview:-1\" \/>\n<link rel=\"canonical\" href=\"https:\/\/reactis.ch\/de\/allgemeine-geschaeftsbedingungen-agb\/\" \/>\n<meta property=\"og:locale\" content=\"de_DE\" \/>\n<meta property=\"og:type\" content=\"article\" \/>\n<meta property=\"og:title\" content=\"Allgemeine Gesch\u00e4ftsbedingungen (AGB) - Reactis\" \/>\n<meta property=\"og:url\" content=\"https:\/\/reactis.ch\/de\/allgemeine-geschaeftsbedingungen-agb\/\" \/>\n<meta property=\"og:site_name\" content=\"Reactis\" \/>\n<meta property=\"article:modified_time\" content=\"2025-06-02T08:20:32+00:00\" \/>\n<meta name=\"twitter:card\" content=\"summary_large_image\" \/>\n<meta name=\"twitter:label1\" content=\"Gesch\u00e4tzte Lesezeit\" \/>\n\t<meta name=\"twitter:data1\" content=\"7\u00a0Minuten\" \/>\n<script type=\"application\/ld+json\" class=\"yoast-schema-graph\">{\"@context\":\"https:\\\/\\\/schema.org\",\"@graph\":[{\"@type\":\"WebPage\",\"@id\":\"https:\\\/\\\/reactis.ch\\\/de\\\/allgemeine-geschaeftsbedingungen-agb\\\/\",\"url\":\"https:\\\/\\\/reactis.ch\\\/de\\\/allgemeine-geschaeftsbedingungen-agb\\\/\",\"name\":\"Allgemeine Gesch\u00e4ftsbedingungen (AGB) - Reactis\",\"isPartOf\":{\"@id\":\"https:\\\/\\\/reactis.ch\\\/de\\\/#website\"},\"datePublished\":\"2025-03-26T10:35:14+00:00\",\"dateModified\":\"2025-06-02T08:20:32+00:00\",\"breadcrumb\":{\"@id\":\"https:\\\/\\\/reactis.ch\\\/de\\\/allgemeine-geschaeftsbedingungen-agb\\\/#breadcrumb\"},\"inLanguage\":\"de\",\"potentialAction\":[{\"@type\":\"ReadAction\",\"target\":[\"https:\\\/\\\/reactis.ch\\\/de\\\/allgemeine-geschaeftsbedingungen-agb\\\/\"]}]},{\"@type\":\"BreadcrumbList\",\"@id\":\"https:\\\/\\\/reactis.ch\\\/de\\\/allgemeine-geschaeftsbedingungen-agb\\\/#breadcrumb\",\"itemListElement\":[{\"@type\":\"ListItem\",\"position\":1,\"name\":\"Accueil\",\"item\":\"https:\\\/\\\/reactis.ch\\\/de\\\/\"},{\"@type\":\"ListItem\",\"position\":2,\"name\":\"Allgemeine Gesch\u00e4ftsbedingungen (AGB)\"}]},{\"@type\":\"WebSite\",\"@id\":\"https:\\\/\\\/reactis.ch\\\/de\\\/#website\",\"url\":\"https:\\\/\\\/reactis.ch\\\/de\\\/\",\"name\":\"Reactis\",\"description\":\"L&#039;\u00e9l\u00e9gance du recyclage\",\"publisher\":{\"@id\":\"https:\\\/\\\/reactis.ch\\\/de\\\/#organization\"},\"potentialAction\":[{\"@type\":\"SearchAction\",\"target\":{\"@type\":\"EntryPoint\",\"urlTemplate\":\"https:\\\/\\\/reactis.ch\\\/de\\\/?s={search_term_string}\"},\"query-input\":{\"@type\":\"PropertyValueSpecification\",\"valueRequired\":true,\"valueName\":\"search_term_string\"}}],\"inLanguage\":\"de\"},{\"@type\":\"Organization\",\"@id\":\"https:\\\/\\\/reactis.ch\\\/de\\\/#organization\",\"name\":\"Reactis\",\"url\":\"https:\\\/\\\/reactis.ch\\\/de\\\/\",\"logo\":{\"@type\":\"ImageObject\",\"inLanguage\":\"de\",\"@id\":\"https:\\\/\\\/reactis.ch\\\/de\\\/#\\\/schema\\\/logo\\\/image\\\/\",\"url\":\"https:\\\/\\\/reactis.ch\\\/wp-content\\\/uploads\\\/2025\\\/03\\\/logo-reactis-tagline.svg\",\"contentUrl\":\"https:\\\/\\\/reactis.ch\\\/wp-content\\\/uploads\\\/2025\\\/03\\\/logo-reactis-tagline.svg\",\"width\":620,\"height\":208,\"caption\":\"Reactis\"},\"image\":{\"@id\":\"https:\\\/\\\/reactis.ch\\\/de\\\/#\\\/schema\\\/logo\\\/image\\\/\"},\"sameAs\":[\"https:\\\/\\\/www.linkedin.com\\\/in\\\/alexandrelethiec\"]}]}<\/script>\n<!-- \/ Yoast SEO plugin. -->","yoast_head_json":{"title":"Allgemeine Gesch\u00e4ftsbedingungen (AGB) - Reactis","robots":{"index":"index","follow":"follow","max-snippet":"max-snippet:-1","max-image-preview":"max-image-preview:large","max-video-preview":"max-video-preview:-1"},"canonical":"https:\/\/reactis.ch\/de\/allgemeine-geschaeftsbedingungen-agb\/","og_locale":"de_DE","og_type":"article","og_title":"Allgemeine Gesch\u00e4ftsbedingungen (AGB) - Reactis","og_url":"https:\/\/reactis.ch\/de\/allgemeine-geschaeftsbedingungen-agb\/","og_site_name":"Reactis","article_modified_time":"2025-06-02T08:20:32+00:00","twitter_card":"summary_large_image","twitter_misc":{"Gesch\u00e4tzte Lesezeit":"7\u00a0Minuten"},"schema":{"@context":"https:\/\/schema.org","@graph":[{"@type":"WebPage","@id":"https:\/\/reactis.ch\/de\/allgemeine-geschaeftsbedingungen-agb\/","url":"https:\/\/reactis.ch\/de\/allgemeine-geschaeftsbedingungen-agb\/","name":"Allgemeine Gesch\u00e4ftsbedingungen (AGB) - Reactis","isPartOf":{"@id":"https:\/\/reactis.ch\/de\/#website"},"datePublished":"2025-03-26T10:35:14+00:00","dateModified":"2025-06-02T08:20:32+00:00","breadcrumb":{"@id":"https:\/\/reactis.ch\/de\/allgemeine-geschaeftsbedingungen-agb\/#breadcrumb"},"inLanguage":"de","potentialAction":[{"@type":"ReadAction","target":["https:\/\/reactis.ch\/de\/allgemeine-geschaeftsbedingungen-agb\/"]}]},{"@type":"BreadcrumbList","@id":"https:\/\/reactis.ch\/de\/allgemeine-geschaeftsbedingungen-agb\/#breadcrumb","itemListElement":[{"@type":"ListItem","position":1,"name":"Accueil","item":"https:\/\/reactis.ch\/de\/"},{"@type":"ListItem","position":2,"name":"Allgemeine Gesch\u00e4ftsbedingungen (AGB)"}]},{"@type":"WebSite","@id":"https:\/\/reactis.ch\/de\/#website","url":"https:\/\/reactis.ch\/de\/","name":"Reactis","description":"L&#039;\u00e9l\u00e9gance du recyclage","publisher":{"@id":"https:\/\/reactis.ch\/de\/#organization"},"potentialAction":[{"@type":"SearchAction","target":{"@type":"EntryPoint","urlTemplate":"https:\/\/reactis.ch\/de\/?s={search_term_string}"},"query-input":{"@type":"PropertyValueSpecification","valueRequired":true,"valueName":"search_term_string"}}],"inLanguage":"de"},{"@type":"Organization","@id":"https:\/\/reactis.ch\/de\/#organization","name":"Reactis","url":"https:\/\/reactis.ch\/de\/","logo":{"@type":"ImageObject","inLanguage":"de","@id":"https:\/\/reactis.ch\/de\/#\/schema\/logo\/image\/","url":"https:\/\/reactis.ch\/wp-content\/uploads\/2025\/03\/logo-reactis-tagline.svg","contentUrl":"https:\/\/reactis.ch\/wp-content\/uploads\/2025\/03\/logo-reactis-tagline.svg","width":620,"height":208,"caption":"Reactis"},"image":{"@id":"https:\/\/reactis.ch\/de\/#\/schema\/logo\/image\/"},"sameAs":["https:\/\/www.linkedin.com\/in\/alexandrelethiec"]}]}},"_links":{"self":[{"href":"https:\/\/reactis.ch\/de\/wp-json\/wp\/v2\/pages\/35803","targetHints":{"allow":["GET"]}}],"collection":[{"href":"https:\/\/reactis.ch\/de\/wp-json\/wp\/v2\/pages"}],"about":[{"href":"https:\/\/reactis.ch\/de\/wp-json\/wp\/v2\/types\/page"}],"author":[{"embeddable":true,"href":"https:\/\/reactis.ch\/de\/wp-json\/wp\/v2\/users\/1"}],"replies":[{"embeddable":true,"href":"https:\/\/reactis.ch\/de\/wp-json\/wp\/v2\/comments?post=35803"}],"version-history":[{"count":1,"href":"https:\/\/reactis.ch\/de\/wp-json\/wp\/v2\/pages\/35803\/revisions"}],"predecessor-version":[{"id":35807,"href":"https:\/\/reactis.ch\/de\/wp-json\/wp\/v2\/pages\/35803\/revisions\/35807"}],"wp:attachment":[{"href":"https:\/\/reactis.ch\/de\/wp-json\/wp\/v2\/media?parent=35803"}],"curies":[{"name":"wp","href":"https:\/\/api.w.org\/{rel}","templated":true}]}}