{"id":35747,"date":"2025-02-27T08:59:26","date_gmt":"2025-02-27T07:59:26","guid":{"rendered":"https:\/\/reactis.ch\/newreactis\/rechtliche-hinweise\/"},"modified":"2025-06-24T16:08:59","modified_gmt":"2025-06-24T14:08:59","slug":"rechtliche-hinweise","status":"publish","type":"page","link":"https:\/\/reactis.ch\/de\/rechtliche-hinweise\/","title":{"rendered":"Rechtliche Hinweise"},"content":{"rendered":"<div class=\"fusion-fullwidth fullwidth-box fusion-builder-row-1 fusion-flex-container has-pattern-background has-mask-background nonhundred-percent-fullwidth non-hundred-percent-height-scrolling\" style=\"--awb-border-radius-top-left:0px;--awb-border-radius-top-right:0px;--awb-border-radius-bottom-right:0px;--awb-border-radius-bottom-left:0px;--awb-flex-wrap:wrap;\" ><div class=\"fusion-builder-row fusion-row fusion-flex-align-items-flex-start fusion-flex-content-wrap\" style=\"max-width:1497.6px;margin-left: calc(-4% \/ 2 );margin-right: calc(-4% \/ 2 );\"><div class=\"fusion-layout-column fusion_builder_column fusion-builder-column-0 fusion_builder_column_1_1 1_1 fusion-flex-column\" style=\"--awb-bg-size:cover;--awb-width-large:100%;--awb-margin-top-large:0px;--awb-spacing-right-large:1.92%;--awb-margin-bottom-large:20px;--awb-spacing-left-large:1.92%;--awb-width-medium:100%;--awb-order-medium:0;--awb-spacing-right-medium:1.92%;--awb-spacing-left-medium:1.92%;--awb-width-small:100%;--awb-order-small:0;--awb-spacing-right-small:1.92%;--awb-spacing-left-small:1.92%;\"><div class=\"fusion-column-wrapper fusion-column-has-shadow fusion-flex-justify-content-flex-start fusion-content-layout-column\"><div class=\"fusion-title title fusion-title-1 fusion-sep-none fusion-title-center fusion-title-text fusion-title-size-one\" style=\"--awb-text-color:var(--awb-color5);--awb-margin-top-small:10px;--awb-margin-right-small:0px;--awb-margin-bottom-small:10px;--awb-margin-left-small:0px;\"><h1 class=\"fusion-title-heading title-heading-center fusion-responsive-typography-calculated\" style=\"margin:0;--fontSize:50;line-height:1.2;\">Rechtliche Hinweise<\/h1><\/div><div class=\"fusion-text fusion-text-1\"><p>Die Adresse unserer Website ist: https:\/\/www.reactis.ch<br \/>Name der Betreibergesellschaft: REACTIS SA<\/p>\n<p><strong>IDE:<\/strong><br \/>Adresse des Hauptsitzes: Route Suisse 8A, 1163 Etoy<br \/>Telefon: +41 76 787 31 87<br \/>Mail: info@reactis.ch<br \/>Rechtsform der Betreibergesellschaft: SA<br \/>Stammkapital: 100.000 CHF<br \/>Verantwortlich f\u00fcr die Ver\u00f6ffentlichung: Alexandre Le Thiec<br \/>Die Website wird gehostet von: <strong>Infomaniak, einem <a href=\"https:\/\/www.infomaniak.com\/fr\/ecologie\">gr\u00fcnen, sozial verantwortlichen Hosting-Anbieter<\/a><\/strong>.<\/p>\n<p>Design (Juni 2025) : <a href=\"https:\/\/www.matthieuloigerot.fr\">Matthieu LOIGEROT | Freelance Webdesigner Graphiker<\/a><\/p>\n<h3 style=\"--fontSize: 32; line-height: 1.88;\" data-fontsize=\"32\" data-lineheight=\"60.16px\" class=\"fusion-responsive-typography-calculated\">Verwendung der gesammelten pers\u00f6nlichen Daten<\/h3>\n<p><strong>Kontaktformulare<\/strong><br \/>Wir sammeln die folgenden Daten: Name, Vorname, Telefon und E-Mail-Adresse. Diese Daten werden auf der Website gespeichert, um auf Ihre Anfragen reagieren zu k\u00f6nnen. Die Daten, die bei der \u00dcbermittlung einer Kontaktanfrage gespeichert werden, werden ohne zeitliche Begrenzung gespeichert, um Sie zu einem sp\u00e4teren Zeitpunkt wieder kontaktieren zu k\u00f6nnen.  <\/p>\n<p><strong>Cookies<\/strong><br \/>Wenn Sie einen Kommentar auf unserer Website abgeben, werden Sie aufgefordert, Ihren Namen, Ihre E-Mail-Adresse und Ihre Website in Cookies zu speichern. Dies geschieht nur zu Ihrer Bequemlichkeit, damit Sie diese Informationen nicht eingeben m\u00fcssen, wenn Sie sp\u00e4ter einen weiteren<br \/>Kommentar abgeben. Diese Cookies laufen nach einem Jahr ab. Wenn Sie auf die Anmeldeseite gehen, wird ein tempor\u00e4res Cookie erstellt, um festzustellen, ob Ihr Browser Cookies akzeptiert. Es enth\u00e4lt keine pers\u00f6nlichen Daten und wird automatisch gel\u00f6scht, wenn Sie Ihren Browser schlie\u00dfen. Wenn Sie sich einloggen, werden wir eine Reihe von Cookies setzen, um Ihre Anmeldeinformationen und Bildschirmeinstellungen zu speichern. Die Lebensdauer eines Login-Cookies betr\u00e4gt zwei Tage, die eines Cookies f\u00fcr die Bildschirmpr\u00e4ferenzen ein Jahr. Wenn Sie \u201eAn mich erinnern\u201c ankreuzen, wird Ihr Anmelde-Cookie zwei Wochen lang gespeichert. Wenn Sie sich von Ihrem Konto abmelden, wird der Anmelde-Cookie gel\u00f6scht. Wenn Sie einen Beitrag bearbeiten oder ver\u00f6ffentlichen, wird ein zus\u00e4tzliches Cookie in Ihrem Browser gespeichert. Dieses Cookie enth\u00e4lt keine pers\u00f6nlichen Daten. Es zeigt lediglich die ID des Beitrags an, den Sie gerade bearbeitet haben. Es l\u00e4uft nach einem Tag ab.<br \/>Eingebetteter Inhalt von anderen Websites. Die Artikel auf dieser Website k\u00f6nnen eingebettete Inhalte enthalten (z.B. Videos,<br \/>Bilder, Artikel&#8230;). Von anderen Websites eingebettete Inhalte verhalten sich genauso, als ob der Besucher diese andere Website besuchen w\u00fcrde. Diese Websites k\u00f6nnen Daten \u00fcber Sie sammeln, Cookies verwenden, Tracking-Tools von Dritten einbetten und Ihre Interaktionen mit diesen eingebetteten Inhalten verfolgen, wenn Sie ein angemeldetes Konto auf ihrer Website haben. Wenn Sie das Kontaktformular ausf\u00fcllen, werden Ihre Daten ohne zeitliche Begrenzung gespeichert, es sei denn, Sie fordern dies an.                <\/p>\n<h3 style=\"--fontSize: 32; line-height: 1.88;\" data-fontsize=\"32\" data-lineheight=\"60.16px\" class=\"fusion-responsive-typography-calculated\">Die Rechte, die Sie \u00fcber Ihre Daten haben<\/h3>\n<p>Wenn Sie \u00fcber das Kontaktformular eine Kontaktanfrage gestellt haben, k\u00f6nnen Sie eine Datei anfordern, die alle pers\u00f6nlichen Daten enth\u00e4lt, die wir \u00fcber Sie gespeichert haben, einschlie\u00dflich der Daten, die Sie uns zur Verf\u00fcgung gestellt haben. Sie k\u00f6nnen auch die L\u00f6schung Ihrer personenbezogenen Daten beantragen. Dies gilt nicht f\u00fcr Daten, die f\u00fcr administrative oder gesetzliche Zwecke oder aus Sicherheitsgr\u00fcnden gespeichert werden.  <\/p>\n<h3 style=\"--fontSize: 32; line-height: 1.88;\" data-fontsize=\"32\" data-lineheight=\"60.16px\" class=\"fusion-responsive-typography-calculated\">Zweck der Datenerhebung durch die Betreibergesellschaft<\/h3>\n<p>\u00dcber die Website sammelt die Betreibergesellschaft Daten \u00fcber Sie, die f\u00fcr die folgenden Zwecke unbedingt erforderlich sind:<\/p>\n<ul>\n<li>Um Ihre Informationsanfragen zu bearbeiten;<\/li>\n<li>Um die Dienste der Betreibergesellschaft zu verbessern und zu personalisieren, um<br \/>Ihre Navigation auf der Website zu erleichtern;<\/li>\n<li>Um die gesamte Kundenbeziehung zu verwalten und zu verfolgen;<\/li>\n<li>Sie \u00fcber Werbeangebote der Betreibergesellschaft und Neuigkeiten, die f\u00fcr Sie von Interesse sein k\u00f6nnten, zu informieren, sich \u00fcber vergangene F\u00e4lle zu informieren, um Ihre Erfahrungen mit REACTIS SA zu verbessern.<\/li>\n<\/ul>\n<h3 style=\"--fontSize: 32; line-height: 1.88;\" data-fontsize=\"32\" data-lineheight=\"60.16px\" class=\"fusion-responsive-typography-calculated\">Transparenz und Zweck<\/h3>\n<p>Es werden keine pers\u00f6nlichen Daten ohne Ihr Wissen gesammelt oder gesammelt. Sie werden vorab dar\u00fcber informiert, ob die Angaben, die Sie dem Betreiberunternehmen im Rahmen der Erhebung auf der Website mitteilen m\u00fcssen, freiwillig oder obligatorisch sind. Die Betreibergesellschaft sammelt und verarbeitet Ihre personenbezogenen Daten ausschlie\u00dflich f\u00fcr die in diesen rechtlichen Hinweisen beschriebenen Zwecke.<br \/>Verh\u00e4ltnism\u00e4\u00dfigkeit und Relevanz Die Betreibergesellschaft sammelt und verarbeitet nur die personenbezogenen Daten, die f\u00fcr die Bearbeitung Ihrer Anfrage oder f\u00fcr die Personalisierung der Ihnen angebotenen Dienstleistungen erforderlich sind.  <\/p>\n<h3 style=\"--fontSize: 32; line-height: 1.88;\" data-fontsize=\"32\" data-lineheight=\"60.16px\" class=\"fusion-responsive-typography-calculated\">Zeit f\u00fcr die Speicherung der Daten<\/h3>\n<p>Die Betreibergesellschaft speichert Ihre pers\u00f6nlichen Daten ohne zeitliche Begrenzung, sofern Sie nichts anderes verlangen.<\/p>\n<h3 style=\"--fontSize: 32; line-height: 1.88;\" data-fontsize=\"32\" data-lineheight=\"60.16px\" class=\"fusion-responsive-typography-calculated\">Sicherheit und Vertraulichkeit<\/h3>\n<p>Die Betreibergesellschaft verpflichtet sich, die notwendigen Ma\u00dfnahmen zu ergreifen, um die Vertraulichkeit der Daten zu gew\u00e4hrleisten und sie nicht an unbefugte Dritte weiterzugeben. Wir k\u00f6nnen Ihre pers\u00f6nlichen Daten an lokale Beh\u00f6rden weitergeben,<br \/>, wenn dies gesetzlich vorgeschrieben ist oder im Rahmen einer Untersuchung und in \u00dcbereinstimmung mit den lokalen Vorschriften erfolgt. <\/p>\n<p>In keinem Fall werden Ihre Daten an Dritte verkauft.<\/p>\n<h3 style=\"--fontSize: 32; line-height: 1.88;\" data-fontsize=\"32\" data-lineheight=\"60.16px\" class=\"fusion-responsive-typography-calculated\">Antrag auf \u00c4nderung oder L\u00f6schung meiner Daten<\/h3>\n<p>Wenn Sie m\u00f6chten, dass Ihre Daten gel\u00f6scht werden, schreiben Sie bitte an <a href=\"mailto:alexandre@reactis.ch\" target=\"_blank\" rel=\"noopener\">alexandre@reactis.ch<\/a> und geben Sie in der Betreffzeile an: L\u00f6schung aller Daten \u00fcber (Ihren Vor- und Nachnamen &#8211; E-Mail). Wir werden dann alles Notwendige veranlassen und Ihnen so bald wie m\u00f6glich eine Best\u00e4tigungsnachricht senden. <\/p>\n<\/div><\/div><\/div><\/div><\/div>\n","protected":false},"excerpt":{"rendered":"","protected":false},"author":1,"featured_media":0,"parent":0,"menu_order":0,"comment_status":"closed","ping_status":"closed","template":"100-width.php","meta":{"_acf_changed":false,"footnotes":""},"class_list":["post-35747","page","type-page","status-publish","hentry"],"acf":[],"yoast_head":"<!-- This site is optimized with the Yoast SEO plugin v27.2 - https:\/\/yoast.com\/product\/yoast-seo-wordpress\/ -->\n<title>Rechtliche Hinweise - Reactis<\/title>\n<meta name=\"robots\" content=\"index, follow, max-snippet:-1, max-image-preview:large, max-video-preview:-1\" \/>\n<link rel=\"canonical\" href=\"https:\/\/reactis.ch\/de\/rechtliche-hinweise\/\" \/>\n<meta property=\"og:locale\" content=\"de_DE\" \/>\n<meta property=\"og:type\" content=\"article\" \/>\n<meta property=\"og:title\" content=\"Rechtliche Hinweise - Reactis\" \/>\n<meta property=\"og:url\" content=\"https:\/\/reactis.ch\/de\/rechtliche-hinweise\/\" \/>\n<meta property=\"og:site_name\" content=\"Reactis\" \/>\n<meta property=\"article:modified_time\" content=\"2025-06-24T14:08:59+00:00\" \/>\n<meta name=\"twitter:card\" content=\"summary_large_image\" \/>\n<meta name=\"twitter:label1\" content=\"Gesch\u00e4tzte Lesezeit\" \/>\n\t<meta name=\"twitter:data1\" content=\"7\u00a0Minuten\" \/>\n<script type=\"application\/ld+json\" class=\"yoast-schema-graph\">{\"@context\":\"https:\/\/schema.org\",\"@graph\":[{\"@type\":\"WebPage\",\"@id\":\"https:\/\/reactis.ch\/de\/rechtliche-hinweise\/\",\"url\":\"https:\/\/reactis.ch\/de\/rechtliche-hinweise\/\",\"name\":\"Rechtliche Hinweise - Reactis\",\"isPartOf\":{\"@id\":\"https:\/\/reactis.ch\/de\/#website\"},\"datePublished\":\"2025-02-27T07:59:26+00:00\",\"dateModified\":\"2025-06-24T14:08:59+00:00\",\"breadcrumb\":{\"@id\":\"https:\/\/reactis.ch\/de\/rechtliche-hinweise\/#breadcrumb\"},\"inLanguage\":\"de\",\"potentialAction\":[{\"@type\":\"ReadAction\",\"target\":[\"https:\/\/reactis.ch\/de\/rechtliche-hinweise\/\"]}]},{\"@type\":\"BreadcrumbList\",\"@id\":\"https:\/\/reactis.ch\/de\/rechtliche-hinweise\/#breadcrumb\",\"itemListElement\":[{\"@type\":\"ListItem\",\"position\":1,\"name\":\"Accueil\",\"item\":\"https:\/\/reactis.ch\/de\/\"},{\"@type\":\"ListItem\",\"position\":2,\"name\":\"Rechtliche Hinweise\"}]},{\"@type\":\"WebSite\",\"@id\":\"https:\/\/reactis.ch\/de\/#website\",\"url\":\"https:\/\/reactis.ch\/de\/\",\"name\":\"Reactis\",\"description\":\"L&#039;\u00e9l\u00e9gance du recyclage\",\"publisher\":{\"@id\":\"https:\/\/reactis.ch\/de\/#organization\"},\"potentialAction\":[{\"@type\":\"SearchAction\",\"target\":{\"@type\":\"EntryPoint\",\"urlTemplate\":\"https:\/\/reactis.ch\/de\/?s={search_term_string}\"},\"query-input\":{\"@type\":\"PropertyValueSpecification\",\"valueRequired\":true,\"valueName\":\"search_term_string\"}}],\"inLanguage\":\"de\"},{\"@type\":\"Organization\",\"@id\":\"https:\/\/reactis.ch\/de\/#organization\",\"name\":\"Reactis\",\"url\":\"https:\/\/reactis.ch\/de\/\",\"logo\":{\"@type\":\"ImageObject\",\"inLanguage\":\"de\",\"@id\":\"https:\/\/reactis.ch\/de\/#\/schema\/logo\/image\/\",\"url\":\"https:\/\/reactis.ch\/wp-content\/uploads\/2025\/03\/logo-reactis-tagline.svg\",\"contentUrl\":\"https:\/\/reactis.ch\/wp-content\/uploads\/2025\/03\/logo-reactis-tagline.svg\",\"width\":620,\"height\":208,\"caption\":\"Reactis\"},\"image\":{\"@id\":\"https:\/\/reactis.ch\/de\/#\/schema\/logo\/image\/\"},\"sameAs\":[\"https:\/\/www.linkedin.com\/in\/alexandrelethiec\"]}]}<\/script>\n<!-- \/ Yoast SEO plugin. -->","yoast_head_json":{"title":"Rechtliche Hinweise - Reactis","robots":{"index":"index","follow":"follow","max-snippet":"max-snippet:-1","max-image-preview":"max-image-preview:large","max-video-preview":"max-video-preview:-1"},"canonical":"https:\/\/reactis.ch\/de\/rechtliche-hinweise\/","og_locale":"de_DE","og_type":"article","og_title":"Rechtliche Hinweise - Reactis","og_url":"https:\/\/reactis.ch\/de\/rechtliche-hinweise\/","og_site_name":"Reactis","article_modified_time":"2025-06-24T14:08:59+00:00","twitter_card":"summary_large_image","twitter_misc":{"Gesch\u00e4tzte Lesezeit":"7\u00a0Minuten"},"schema":{"@context":"https:\/\/schema.org","@graph":[{"@type":"WebPage","@id":"https:\/\/reactis.ch\/de\/rechtliche-hinweise\/","url":"https:\/\/reactis.ch\/de\/rechtliche-hinweise\/","name":"Rechtliche Hinweise - Reactis","isPartOf":{"@id":"https:\/\/reactis.ch\/de\/#website"},"datePublished":"2025-02-27T07:59:26+00:00","dateModified":"2025-06-24T14:08:59+00:00","breadcrumb":{"@id":"https:\/\/reactis.ch\/de\/rechtliche-hinweise\/#breadcrumb"},"inLanguage":"de","potentialAction":[{"@type":"ReadAction","target":["https:\/\/reactis.ch\/de\/rechtliche-hinweise\/"]}]},{"@type":"BreadcrumbList","@id":"https:\/\/reactis.ch\/de\/rechtliche-hinweise\/#breadcrumb","itemListElement":[{"@type":"ListItem","position":1,"name":"Accueil","item":"https:\/\/reactis.ch\/de\/"},{"@type":"ListItem","position":2,"name":"Rechtliche Hinweise"}]},{"@type":"WebSite","@id":"https:\/\/reactis.ch\/de\/#website","url":"https:\/\/reactis.ch\/de\/","name":"Reactis","description":"L&#039;\u00e9l\u00e9gance du recyclage","publisher":{"@id":"https:\/\/reactis.ch\/de\/#organization"},"potentialAction":[{"@type":"SearchAction","target":{"@type":"EntryPoint","urlTemplate":"https:\/\/reactis.ch\/de\/?s={search_term_string}"},"query-input":{"@type":"PropertyValueSpecification","valueRequired":true,"valueName":"search_term_string"}}],"inLanguage":"de"},{"@type":"Organization","@id":"https:\/\/reactis.ch\/de\/#organization","name":"Reactis","url":"https:\/\/reactis.ch\/de\/","logo":{"@type":"ImageObject","inLanguage":"de","@id":"https:\/\/reactis.ch\/de\/#\/schema\/logo\/image\/","url":"https:\/\/reactis.ch\/wp-content\/uploads\/2025\/03\/logo-reactis-tagline.svg","contentUrl":"https:\/\/reactis.ch\/wp-content\/uploads\/2025\/03\/logo-reactis-tagline.svg","width":620,"height":208,"caption":"Reactis"},"image":{"@id":"https:\/\/reactis.ch\/de\/#\/schema\/logo\/image\/"},"sameAs":["https:\/\/www.linkedin.com\/in\/alexandrelethiec"]}]}},"_links":{"self":[{"href":"https:\/\/reactis.ch\/de\/wp-json\/wp\/v2\/pages\/35747","targetHints":{"allow":["GET"]}}],"collection":[{"href":"https:\/\/reactis.ch\/de\/wp-json\/wp\/v2\/pages"}],"about":[{"href":"https:\/\/reactis.ch\/de\/wp-json\/wp\/v2\/types\/page"}],"author":[{"embeddable":true,"href":"https:\/\/reactis.ch\/de\/wp-json\/wp\/v2\/users\/1"}],"replies":[{"embeddable":true,"href":"https:\/\/reactis.ch\/de\/wp-json\/wp\/v2\/comments?post=35747"}],"version-history":[{"count":3,"href":"https:\/\/reactis.ch\/de\/wp-json\/wp\/v2\/pages\/35747\/revisions"}],"predecessor-version":[{"id":36459,"href":"https:\/\/reactis.ch\/de\/wp-json\/wp\/v2\/pages\/35747\/revisions\/36459"}],"wp:attachment":[{"href":"https:\/\/reactis.ch\/de\/wp-json\/wp\/v2\/media?parent=35747"}],"curies":[{"name":"wp","href":"https:\/\/api.w.org\/{rel}","templated":true}]}}